{"id":213,"date":"2020-03-09T22:32:32","date_gmt":"2020-03-09T21:32:32","guid":{"rendered":"http:\/\/lacombe.eu\/ipm\/?page_id=213"},"modified":"2024-10-15T13:20:56","modified_gmt":"2024-10-15T11:20:56","slug":"partenariats","status":"publish","type":"page","link":"https:\/\/ip-m.com\/index.php\/mpi\/organisation\/partenariats\/","title":{"rendered":"Partenariats"},"content":{"rendered":"\n<h2>Politique de partenariats<\/h2>\n\n\n\n<p>L&rsquo;I.P&amp;M\n d\u00e9veloppe sa politique des partenariats en direction des associations \nacad\u00e9miques, universitaires et professionnelles. L&rsquo;axe du d\u00e9veloppement \nest la recherche de convergence(s) d&rsquo;int\u00e9r\u00eat(s), concr\u00e9tis\u00e9e par une \nproduction de contenus dans le champ de l&rsquo;articulation de la \npsychanalyse et du management.<\/p>\n\n\n\n<h2>Acc\u00e9der aux Sites Web de nos Partenaires<\/h2>\n\n\n\n<p>Association de Gestion des Ressources Humaines : \u00ab <a href=\"https:\/\/www.agrh.fr\/\" target=\"_blank\" rel=\"noreferrer noopener\" aria-label=\"AGRH (s\u2019ouvre dans un nouvel onglet)\">AGRH<\/a> \u00bb<\/p>\n\n\n\n<p>Association Internationale de Management Strat\u00e9gique : &nbsp;\u00ab <a rel=\"noreferrer noopener\" href=\"http:\/\/www.strategie-aims.com\/\" target=\"_blank\">AIMS<\/a> \u00bb<\/p>\n\n\n\n<p>International Society for the Psychoanalytic of Organizations : \u00ab <a href=\"https:\/\/www.ispso.org\/\" target=\"_blank\" rel=\"noreferrer noopener\" aria-label=\"ISPSO (s\u2019ouvre dans un nouvel onglet)\">ISPSO<\/a> &nbsp;\u00bb<\/p>\n\n\n\n<p>Center for the Study of Groups and Social Systems : &nbsp;\u00ab <a href=\"http:\/\/www.csgss.org\/\" target=\"_blank\" rel=\"noreferrer noopener\" aria-label=\"CSGSS (s\u2019ouvre dans un nouvel onglet)\">CSGSS<\/a> &nbsp;\u00bb<\/p>\n\n\n\n<p>Acc\u00e9der \u00e0 la Page ORIA : &nbsp;\u00ab <a rel=\"noreferrer noopener\" aria-label=\"Colloque ORIANE (s\u2019ouvre dans un nouvel onglet)\" href=\"http:\/\/ip-m.com\/index.php\/2020\/02\/09\/colloque-oriane-2020\/\" target=\"_blank\">Colloque <\/a>ARIA (Anc. Oriane)<\/p>\n\n\n\n<p>Association pour le D\u00e9veloppement de l&rsquo;Enseignement et de la Recherche sur la Responsabilit\u00e9 Sociale des Entreprises : &nbsp;\u00ab <a rel=\"noreferrer noopener\" href=\"http:\/\/www.aderse.org\/\" target=\"_blank\">ADERSE<\/a> \u00bb&nbsp;<\/p>\n\n\n\n<p>Association Nationale des Directeurs de Ressources Humaines : &nbsp;\u00ab <a href=\"http:\/\/www.andrh.fr\/\">ANDRH<\/a> &nbsp;\u00bb&nbsp;<\/p>\n\n\n\n<p>Institut International d&rsquo;Audit Social : \u00ab <a rel=\"noreferrer noopener\" href=\"http:\/\/www.auditsocial.org\/\" target=\"_blank\">IAS<\/a> \u00bb<\/p>\n\n\n\n<p>Soci\u00e9t\u00e9 Philosophioque des Sciences de Gestion : &nbsp;\u00ab <a rel=\"noreferrer noopener\" href=\"http:\/\/spsg.fr\/\" target=\"_blank\">SPSG<\/a> \u00bb<\/p>\n\n\n\n<p>Il Nodo Group (Turin) : \u00ab <a href=\"https:\/\/www.ilnodogroup.it\/\" target=\"_blank\" rel=\"noreferrer noopener\" aria-label=\" (s\u2019ouvre dans un nouvel onglet)\">Il Nodo Group<\/a> \u00bb<\/p>\n\n\n\n<p>L&rsquo;I.P&amp;M est membre du Coll\u00e8ge Scientifique de la FNEGE : &nbsp;\u00ab &nbsp;<a rel=\"noreferrer noopener\" href=\"http:\/\/www.fnege.org\/\" target=\"_blank\">FNEGE<\/a> &nbsp;\u00bb<\/p>\n\n\n\n<p>ISCAE (Tunisie) &nbsp;: \u00ab <a rel=\"noreferrer noopener\" href=\"http:\/\/www.iscae.rnu.tn\/index.php\/recherche-scientifique\/unites-de-recherche\/laboratoire-rigueur\" target=\"_blank\">Laboratoire RIGUEUR<\/a> \u00bb<\/p>\n\n\n\n<p>R\u00e9silience Organisationnelle : \u00ab <a href=\"http:\/\/www.resilience-organisationnelle.com\/\">C.I.R.E.R.O<\/a> \u00bb<\/p>\n\n\n\n<p>Centre International de Recherches et d&rsquo;\u00c9tudes Transdisciplinaires (CIRET)<\/p>\n","protected":false},"excerpt":{"rendered":"<p>Politique de partenariats L&rsquo;I.P&amp;M d\u00e9veloppe sa politique des partenariats en direction des associations acad\u00e9miques, universitaires et professionnelles. L&rsquo;axe du d\u00e9veloppement est la recherche de convergence(s) d&rsquo;int\u00e9r\u00eat(s), concr\u00e9tis\u00e9e par une production de contenus dans le champ de l&rsquo;articulation de la psychanalyse et du management. Acc\u00e9der aux Sites Web de nos Partenaires Association de Gestion des Ressources &hellip; <a href=\"https:\/\/ip-m.com\/index.php\/mpi\/organisation\/partenariats\/\" class=\"more-link\">Continuer la lecture de <span class=\"screen-reader-text\">Partenariats<\/span><\/a><\/p>\n","protected":false},"author":1,"featured_media":0,"parent":127,"menu_order":0,"comment_status":"closed","ping_status":"closed","template":"","meta":[],"_links":{"self":[{"href":"https:\/\/ip-m.com\/index.php\/wp-json\/wp\/v2\/pages\/213"}],"collection":[{"href":"https:\/\/ip-m.com\/index.php\/wp-json\/wp\/v2\/pages"}],"about":[{"href":"https:\/\/ip-m.com\/index.php\/wp-json\/wp\/v2\/types\/page"}],"author":[{"embeddable":true,"href":"https:\/\/ip-m.com\/index.php\/wp-json\/wp\/v2\/users\/1"}],"replies":[{"embeddable":true,"href":"https:\/\/ip-m.com\/index.php\/wp-json\/wp\/v2\/comments?post=213"}],"version-history":[{"count":12,"href":"https:\/\/ip-m.com\/index.php\/wp-json\/wp\/v2\/pages\/213\/revisions"}],"predecessor-version":[{"id":1357,"href":"https:\/\/ip-m.com\/index.php\/wp-json\/wp\/v2\/pages\/213\/revisions\/1357"}],"up":[{"embeddable":true,"href":"https:\/\/ip-m.com\/index.php\/wp-json\/wp\/v2\/pages\/127"}],"wp:attachment":[{"href":"https:\/\/ip-m.com\/index.php\/wp-json\/wp\/v2\/media?parent=213"}],"curies":[{"name":"wp","href":"https:\/\/api.w.org\/{rel}","templated":true}]}}