{"id":238,"date":"2020-03-09T23:23:24","date_gmt":"2020-03-09T22:23:24","guid":{"rendered":"http:\/\/lacombe.eu\/ipm\/?page_id=238"},"modified":"2024-10-15T13:13:39","modified_gmt":"2024-10-15T11:13:39","slug":"fonctionnement","status":"publish","type":"page","link":"https:\/\/ip-m.com\/index.php\/mpi\/organisation\/fonctionnement\/","title":{"rendered":"Fonctionnement"},"content":{"rendered":"\n<h4>Le Bureau<\/h4>\n\n\n\n<figure class=\"wp-block-table\"><table><tbody><tr><td>Pr\u00e9sident&nbsp;<\/td><td>Daniel BONNET<\/td><\/tr><tr><td>Vice-Pr\u00e9sident, Pr\u00e9sident du Conseil Scientifique<\/td><td>Jean-Jacques PLUCHART<\/td><\/tr><tr><td>Tr\u00e9sorier(e)<\/td><td>Mathias NAUDIN<\/td><\/tr><tr><td>Secr\u00e9taire G\u00e9n\u00e9rale<\/td><td>Annick SCHOTT<\/td><\/tr><\/tbody><\/table><\/figure>\n\n\n\n<h4>Le Conseil d\u2019Administration (AGO du 28 Juin 2024)<\/h4>\n\n\n\n<figure class=\"wp-block-table\"><table><tbody><tr><td>BARTH Isabelle<br>Vice-Pr\u00e9sidente<\/td><td>Professeur des Universit\u00e9s, EM-Strasbourg<\/td><\/tr><tr><td>BONNET Daniel<br>Pr\u00e9sident<\/td><td>Consultant<br>Chercheur-Associ\u00e9, ISEOR, Magellan (Universit\u00e9 Jean Moulin, Lyon)<\/td><\/tr><tr><td>BOTET-PRADEILLES Georges<br><\/td><td>Psychologue, Ecrivain<br>Directeur honoraire d\u2019\u00e9tablissements sociaux<\/td><\/tr><tr><td>SCHOTT Annick<br>Secr\u00e9taire G\u00e9n\u00e9rale<\/td><td>Ma\u00eetre de Conf\u00e9rences (Hors Classe) Habilit\u00e9 \u00e0 Diriger des Recherches (HDR)<br>IUT Bordeaux Montaigne<\/td><\/tr><tr><td>De SWARTE Thibault<br>Vice-Pr\u00e9sident<\/td><td>Ma\u00eetre de Conf\u00e9rences, HDR<br>Institut Mines-T\u00e9l\u00e9com Atlantique<\/td><\/tr><tr><td><\/td><td><\/td><\/tr><tr><td>CASALEGNO Jean-Claude<br><\/td><td>Professeur de Management<br>Groupe Esc Clermont-Ferrand<\/td><\/tr><tr><td>HAIM Patrick<\/td><td>Professeur de Management<br>Consultant IMSES<\/td><\/tr><tr><td>DRILLON Dominic<br><\/td><td>Pr\u00e9sident d&rsquo;Honneur<\/td><\/tr><tr><td>BERTRAND Germain<br><\/td><td>Pr\u00e9sident d&rsquo;Honneur<\/td><\/tr><\/tbody><\/table><\/figure>\n\n\n\n<p>BONNET Marc                      \/\/ Professeur \u00e9m\u00e9rite, Universit\u00e9 Jean-Moulin, Lyon<\/p>\n\n\n\n<p>DIET Emmanuel                  \/\/ Agr\u00e9g\u00e9 de Philosophie, Psychologue clinicien,                              Psychanalyste, Analyste de Groupe et d&rsquo;Institution<\/p>\n\n\n\n<p>NAUDIN Mathias                 \/\/ Ma\u00eetre de Conf\u00e9rences, Universit\u00e9 Paris-Cit\u00e9<\/p>\n\n\n\n<p>PLUCHART Jean-Jacques    \/\/ Professeur \u00e9m\u00e9rite, Universit\u00e9 Panth\u00e9on-Sorbonne<\/p>\n\n\n\n<p>VIEIRA Lise                           \/\/ Professeur \u00e9m\u00e9rite, Universit\u00e9 Bordeaux-Montaigne<\/p>\n","protected":false},"excerpt":{"rendered":"<p>Le Bureau Pr\u00e9sident&nbsp; Daniel BONNET Vice-Pr\u00e9sident, Pr\u00e9sident du Conseil Scientifique Jean-Jacques PLUCHART Tr\u00e9sorier(e) Mathias NAUDIN Secr\u00e9taire G\u00e9n\u00e9rale Annick SCHOTT Le Conseil d\u2019Administration (AGO du 28 Juin 2024) BARTH IsabelleVice-Pr\u00e9sidente Professeur des Universit\u00e9s, EM-Strasbourg BONNET DanielPr\u00e9sident ConsultantChercheur-Associ\u00e9, ISEOR, Magellan (Universit\u00e9 Jean Moulin, Lyon) BOTET-PRADEILLES Georges Psychologue, EcrivainDirecteur honoraire d\u2019\u00e9tablissements sociaux SCHOTT AnnickSecr\u00e9taire G\u00e9n\u00e9rale Ma\u00eetre de Conf\u00e9rences &hellip; <a href=\"https:\/\/ip-m.com\/index.php\/mpi\/organisation\/fonctionnement\/\" class=\"more-link\">Continuer la lecture de <span class=\"screen-reader-text\">Fonctionnement<\/span><\/a><\/p>\n","protected":false},"author":1,"featured_media":0,"parent":127,"menu_order":0,"comment_status":"closed","ping_status":"closed","template":"","meta":[],"_links":{"self":[{"href":"https:\/\/ip-m.com\/index.php\/wp-json\/wp\/v2\/pages\/238"}],"collection":[{"href":"https:\/\/ip-m.com\/index.php\/wp-json\/wp\/v2\/pages"}],"about":[{"href":"https:\/\/ip-m.com\/index.php\/wp-json\/wp\/v2\/types\/page"}],"author":[{"embeddable":true,"href":"https:\/\/ip-m.com\/index.php\/wp-json\/wp\/v2\/users\/1"}],"replies":[{"embeddable":true,"href":"https:\/\/ip-m.com\/index.php\/wp-json\/wp\/v2\/comments?post=238"}],"version-history":[{"count":20,"href":"https:\/\/ip-m.com\/index.php\/wp-json\/wp\/v2\/pages\/238\/revisions"}],"predecessor-version":[{"id":1348,"href":"https:\/\/ip-m.com\/index.php\/wp-json\/wp\/v2\/pages\/238\/revisions\/1348"}],"up":[{"embeddable":true,"href":"https:\/\/ip-m.com\/index.php\/wp-json\/wp\/v2\/pages\/127"}],"wp:attachment":[{"href":"https:\/\/ip-m.com\/index.php\/wp-json\/wp\/v2\/media?parent=238"}],"curies":[{"name":"wp","href":"https:\/\/api.w.org\/{rel}","templated":true}]}}