{"id":96,"date":"2020-03-09T17:47:20","date_gmt":"2020-03-09T16:47:20","guid":{"rendered":"http:\/\/lacombe.eu\/ipm\/?page_id=96"},"modified":"2024-10-15T13:15:31","modified_gmt":"2024-10-15T11:15:31","slug":"statuts","status":"publish","type":"page","link":"https:\/\/ip-m.com\/index.php\/mpi\/organisation\/statuts\/","title":{"rendered":"Statuts"},"content":{"rendered":"\n<p><a href=\"http:\/\/www.ip-m.com\/site\/edit\/National\/LesStatuts?section=1\">Editer<\/a><\/p>\n\n\n\n<p>L&rsquo;I.P&amp;M est une association Loi 1901, d\u00e9clar\u00e9e \u00e0 la Pr\u00e9fecture de l&rsquo;H\u00e9rault.<\/p>\n\n\n\n<p>SIRET : 418 914 289 0024<\/p>\n\n\n\n<p>APE : 9499 Z (Anc. 913 E)<\/p>\n\n\n\n<p>F.P.C : 91-34-04501-34<\/p>\n\n\n\n<h2 id=\"HLesStatuts\">Les Statuts<\/h2>\n\n\n\n<p><a href=\"http:\/\/www.ip-m.com\/site\/edit\/National\/LesStatuts?section=2\">Editer<\/a><\/p>\n\n\n\n<p><em>Statuts modifi\u00e9s AGO du 28 Mai 2009; CA du 15 Juin 2009 : Article 3 (Si\u00e8ge social), Article 9 (Conseil d\u2019administration)<\/em><\/p>\n\n\n\n<p><em>Statuts modifi\u00e9s AGO du 03 D\u00e9cembre 2010 : Article 6 (Membres), Article 9 (Conseil d&rsquo;Administration), Article 12 (Bureau)<\/em><\/p>\n\n\n\n<p><em>Statuts modifi\u00e9s AGO du 11 Mai 2012; CA du 11 Mai 2012 : Article 9 (Conseil d&rsquo;Administration), Article 12 (Bureau)<\/em><\/p>\n\n\n\n<p><em>Statuts modifi\u00e9s AGO du 04 Juin 2015; CA du 04 Juin 2015 : Article 9 (Conseil d&rsquo;Administration), Article 12 (Bureau)<\/em><\/p>\n\n\n\n<p><em>Statuts modifi\u00e9s AGO du 22 Mai 2018; CA du 22 Mai 2018 : Article 9 (Conseil d&rsquo;Administration), Article 12 (Bureau)<\/em><\/p>\n\n\n\n<p><em>Statuts modifi\u00e9s AGO du 29 Juin 2021; CA du 29 Juin 2021 : Article 9 (Conseil d&rsquo;Administration), Article 12 (Bureau)<\/em><\/p>\n\n\n\n<p>Statuts modifi\u00e9s AGO du 28 Juin 2024; CA du 28Juin 2024 : Article 9 (Conseil d&rsquo;Administration), Article 12 (Bureau)<\/p>\n\n\n\n<p><strong>Article 1er &#8211; Titre<\/strong><\/p>\n\n\n\n<p>Il\n est fond\u00e9 entre les adh\u00e9rents aux pr\u00e9sents statuts une association \nr\u00e9gie par la loi du 1er juillet 1901 et le d\u00e9cret du 16 Ao\u00fbt 1901, ayant\n pour titre :<\/p>\n\n\n\n<p>Institut Psychanalyse et Management (I.P.M.)<\/p>\n\n\n\n<p><strong>Article 2 &#8211; Objet<\/strong><\/p>\n\n\n\n<p>Cet\n institut a pour objet l\u2019articulation de deux champs de la connaissance \nen Sciences Humaines que sont la psychanalyse et le management. Ses \nobjectifs peuvent \u00eatre r\u00e9sum\u00e9s par les trois axes suivants : l\u2019IPM se \nd\u00e9finit \u00e0 la fois comme<\/p>\n\n\n\n<p>Centre de recherche ;<\/p>\n\n\n\n<p>Lieu d&rsquo;\u00e9change et de pratiques;<\/p>\n\n\n\n<p>Organisme coordinateur de prestations de services.<\/p>\n\n\n\n<p>L\u2019IPM pourra diffuser des produits, publications, services r\u00e9alis\u00e9s pour atteindre ses objectifs.<\/p>\n\n\n\n<p><strong>Article 3 &#8211; Si\u00e8ge social<\/strong><\/p>\n\n\n\n<p>Le si\u00e8ge social est fix\u00e9 :&nbsp;&nbsp;<\/p>\n\n\n\n<p>Daniel BONNET &#8211; Institut Psychanalyse &amp; Management<\/p>\n\n\n\n<p>377, Chemin du FESC<\/p>\n\n\n\n<p>34400 SAINT-JUST (Lunel) &nbsp;&nbsp;Modification du 15\/06\/2009<\/p>\n\n\n\n<p>Il pourra \u00eatre transf\u00e9r\u00e9 par d\u00e9cision du conseil d\u2019administration prise \u00e0 la majorit\u00e9.<\/p>\n\n\n\n<p><strong>Article 4 &#8211; Membres fondateurs<\/strong><\/p>\n\n\n\n<p>L\u2019association\n a \u00e9t\u00e9 fond\u00e9e le 13 Juin 1992 et d\u00e9clar\u00e9e \u00e0 la pr\u00e9fecture d\u2019Ille et \nVilaine le 8 d\u00e9cembre 1992 par les personnes mentionn\u00e9es ci-dessous :<\/p>\n\n\n\n<p>Germain BERTRAND<\/p>\n\n\n\n<p>Colette BRAULT<\/p>\n\n\n\n<p>Jean-Pierre BRUNEAU<\/p>\n\n\n\n<p>Roland BRUNNER<\/p>\n\n\n\n<p>Dominique DRILLON<\/p>\n\n\n\n<p>Roland GUINCHARD<\/p>\n\n\n\n<p>Florian SALA<\/p>\n\n\n\n<p><strong>Article 5 &#8211; Admission<\/strong><\/p>\n\n\n\n<p>Pour\n faire partie de l\u2019association, il faut \u00eatre agr\u00e9\u00e9 d\u2019abord par les \nmembres du bureau qui statuent sur les demandes d\u2019admission pr\u00e9sent\u00e9es. \nCet agr\u00e9ment est accord\u00e9 \u00e0 titre provisoire d\u2019ann\u00e9e en ann\u00e9e et peut \n\u00eatre retir\u00e9 dans le cas de comportements illicites, de communications \ncontraires aux objectifs de l\u2019association, ou de tout manquement \u00e0 \nl\u2019\u00e9thique de l\u2019association.<\/p>\n\n\n\n<p><strong>Article 6 &#8211; Les membres<\/strong><\/p>\n\n\n\n<p>Membres du bureau : \u00e9lus par l\u2019assembl\u00e9e g\u00e9n\u00e9rale ordinaire pour trois ans (cf. article 9) ;<\/p>\n\n\n\n<p>Membres\n titulaires : ceux qui ont pris l\u2019engagement de verser annuellement une \ncotisation, de participer aux recherches de l\u2019association et qui \nsatisfont aux crit\u00e8res retenus par le conseil d\u2019administration ;<\/p>\n\n\n\n<p>Membres associ\u00e9s : ceux qui ont pris l\u2019engagement de verser annuellement une cotisation ;<\/p>\n\n\n\n<p>Membres bienfaiteurs : conditions fix\u00e9es par le r\u00e8glement int\u00e9rieur ;<\/p>\n\n\n\n<p>Membres d\u2019honneur : conditions fix\u00e9es coll\u00e9gialement par le conseil d\u2019administration.<\/p>\n\n\n\n<p>Membres\n honoraires : membres ayant oeuvr\u00e9 de mani\u00e8re significative, notoire et \nsp\u00e9cifique au d\u00e9veloppement de l&rsquo;I.P&amp;M. Les membres sont titularis\u00e9s\n dans cette cat\u00e9gorie par d\u00e9cision majoritaire de l&rsquo;Assembl\u00e9e G\u00e9n\u00e9rale \nOrdinaire, sur proposition du Conseil d&rsquo;Administration (<em>Modification AGO 03\/12\/10<\/em>).<\/p>\n\n\n\n<p><strong>Article 7 &#8211; Perte de la qualit\u00e9 de membre<\/strong><\/p>\n\n\n\n<p>La qualit\u00e9 de membre se perd par :<\/p>\n\n\n\n<p>La d\u00e9mission ;<\/p>\n\n\n\n<p>Le d\u00e9c\u00e8s ;<\/p>\n\n\n\n<p>La\n radiation prononc\u00e9e par le bureau pour non-paiement de la cotisation ou\n pour motif grave, l\u2019int\u00e9ress\u00e9 ayant \u00e9t\u00e9 invit\u00e9 par lettre recommand\u00e9e \u00e0\n se pr\u00e9senter devant le bureau pour fournir des explications.<\/p>\n\n\n\n<p><strong>Article 8 &#8211; Ressources<\/strong><\/p>\n\n\n\n<p>Les ressources de l\u2019association comprennent :<\/p>\n\n\n\n<p>Le montant des cotisations ;<\/p>\n\n\n\n<p>Les subventions de l\u2019\u00e9tat, des d\u00e9partements, des communes et des syndicats et organismes professionnels ;<\/p>\n\n\n\n<p>Les produits des recherches-actions ;<\/p>\n\n\n\n<p>Les dons ;<\/p>\n\n\n\n<p>Les r\u00e8glements divers.<\/p>\n\n\n\n<p><strong>Article 9 &#8211; Conseil d\u2019administration : composition<\/strong><\/p>\n\n\n\n<p>Le conseil d\u2019administration est compos\u00e9&nbsp;<\/p>\n\n\n\n<p>Du Bureau,<\/p>\n\n\n\n<p>Des membres fondateurs<\/p>\n\n\n\n<p>Du ou des vice-pr\u00e9sidents<\/p>\n\n\n\n<p>Du secr\u00e9taire adjoint<\/p>\n\n\n\n<p>Du responsable du comit\u00e9 \u00e9ditorial<\/p>\n\n\n\n<p>Du ou des pr\u00e9sidents d\u2019honneur<\/p>\n\n\n\n<p>Des responsables des groupes de travail r\u00e9gionaux<\/p>\n\n\n\n<p><strong>CONSEIL D&rsquo;ADMINISTRATION<\/strong> &nbsp;(AGO du 29 Juin 2021)<\/p>\n\n\n\n<p>BARTH Isabelle : Vice-Pr\u00e9sidente<\/p>\n\n\n\n<p>BONNET Daniel : Pr\u00e9sident<\/p>\n\n\n\n<p>BRUN Gilles, Administrateur<\/p>\n\n\n\n<p>BOTET-PRADEILLES Georges, Pr\u00e9sident Honoraire<\/p>\n\n\n\n<p>SCHOTT Annick, Secr\u00e9taire G\u00e9n\u00e9rale<\/p>\n\n\n\n<p>SWARTE (de) Thibault : Vice-Pr\u00e9sident<\/p>\n\n\n\n<p>BONNET Marc, Vice-Pr\u00e9sident<\/p>\n\n\n\n<p>CASALEGNO Jean-Claude, Administrateur<\/p>\n\n\n\n<p>HAIM Patrick, Administrateur<\/p>\n\n\n\n<p>DIET Emmanuel, Administrateur<\/p>\n\n\n\n<p>LANDIER Hubert, Administrateur<\/p>\n\n\n\n<p>NAUDIN Mathias, Tr\u00e9sorier<\/p>\n\n\n\n<p>PLUCHART Jean-Jacques, Vice-Pr\u00e9sident<\/p>\n\n\n\n<p>VIEIRA Lise, Administrateur<\/p>\n\n\n\n<p>DRILLON Dominic, Pr\u00e9sident d&rsquo;Honneur<\/p>\n\n\n\n<p>BERTRAND Germain, Pr\u00e9sident d&rsquo;Honneur<\/p>\n\n\n\n<p><strong>Article 10 &#8211; Conseil d\u2019Administration : r\u00e9union<\/strong><\/p>\n\n\n\n<p>Le\n conseil d\u2019administration se r\u00e9unit une fois par an, et chaque fois \nqu\u2019il est convoqu\u00e9 par son pr\u00e9sident ou sur demande du quart de ses \nmembres. La pr\u00e9sence du tiers des membres du conseil d\u2019administration \nest n\u00e9cessaire pour la validit\u00e9 des d\u00e9lib\u00e9rations. Il est tenu \nproc\u00e8s-verbal des s\u00e9ances ; les proc\u00e8s-verbaux sont sign\u00e9s par le \npr\u00e9sident et le secr\u00e9taire ; ils sont inscrits sur un registre cot\u00e9 et \nparaph\u00e9 par le repr\u00e9sentant de l\u2019association. Les d\u00e9cisions sont prises \u00e0\n la majorit\u00e9 absolue ; en cas de partage, la voix du pr\u00e9sident est \npr\u00e9pond\u00e9rante.<\/p>\n\n\n\n<p><strong>Article 11 &#8211; Conseil d\u2019administration : pouvoirs<\/strong><\/p>\n\n\n\n<p>Le\n conseil d\u2019administration est investi des pouvoirs les plus \u00e9tendus pour\n autoriser tous actes qui ne sont pas r\u00e9serv\u00e9s \u00e0 l\u2019assembl\u00e9e g\u00e9n\u00e9rale. \nIl surveille la gestion des membres du Bureau et a le droit de se faire \nrendre compte de leurs actes. Il autorise tous achats, ali\u00e9nations ou \nlocations, emprunts et pr\u00eats n\u00e9cessaires au fonctionnement de \nl\u2019association, avec ou sans hypoth\u00e8que. Il autorise toute transaction, \ntoute mainlev\u00e9e d\u2019hypoth\u00e8que, avec ou sans constatation de paiement. Il \narr\u00eate le montant de toutes indemnit\u00e9s de repr\u00e9sentation \nexceptionnellement attribu\u00e9es \u00e0 certains membres du Bureau. Il d\u00e9termine\n les conditions de nomination des d\u00e9l\u00e9gu\u00e9s r\u00e9gionaux. Il peut faire \ntoute d\u00e9l\u00e9gation de pouvoirs pour une question d\u00e9termin\u00e9e et un temps \nlimit\u00e9.<\/p>\n\n\n\n<p><strong>Article 12 &#8211; Le Bureau : composition<\/strong><\/p>\n\n\n\n<p>Il est compos\u00e9 au minimum :<\/p>\n\n\n\n<p>Du pr\u00e9sident ;<\/p>\n\n\n\n<p>Du secr\u00e9taire ;<\/p>\n\n\n\n<p>Du tr\u00e9sorier.<\/p>\n\n\n\n<p>Le\n Bureau est \u00e9lu pour trois ans renouvelables par l\u2019assembl\u00e9e g\u00e9n\u00e9rale \u00e0 \nscrutin secret et aux deux tiers des voix. Seuls les membres du conseil \nd\u2019administration et les membres titulaires ont voix d\u00e9lib\u00e9rative. En cas\n d\u2019absence de l\u2019un des membres du conseil, il peut, \u00e0 titre \nexceptionnel, donner procuration par \u00e9crit et avec son accord, au membre\n du conseil de son choix.<\/p>\n\n\n\n<p>Le r\u00f4le du pr\u00e9sident&nbsp;: Le\n pr\u00e9sident convoque les assembl\u00e9es g\u00e9n\u00e9rales et les r\u00e9unions du conseil \nd\u2019administration Il repr\u00e9sente l\u2019association dans tous les actes de la \nvie civile et est investi de tous pouvoirs \u00e0 cet effet. Il peut d\u00e9l\u00e9guer\n certaines de ses attributions dans les conditions pr\u00e9vues au r\u00e8glement \nint\u00e9rieur. Il a notamment qualit\u00e9 pour ester en justice au nom de \nl\u2019association, tant en demande qu\u2019en d\u00e9fense. En cas d\u2019absence ou de \nmaladie, il est remplac\u00e9 par un vice-pr\u00e9sident, et en cas d\u2019emp\u00eachement \nde ce dernier, par le membre le plus ancien ou tout autre administrateur\n sp\u00e9cialement d\u00e9l\u00e9gu\u00e9 par le conseil.<\/p>\n\n\n\n<p>Le r\u00f4le du secr\u00e9taire&nbsp;: Le\n secr\u00e9taire est charg\u00e9 de tout ce qui concerne la correspondance et les \narchives. Il r\u00e9dige les proc\u00e8s-verbaux des d\u00e9lib\u00e9rations et assure la \ntranscription des registres. Il tient le registre sp\u00e9cial pr\u00e9vu par la \nloi, et assure l\u2019ex\u00e9cution des formalit\u00e9s prescrites.<\/p>\n\n\n\n<p>Le r\u00f4le du tr\u00e9sorier&nbsp;: Le\n tr\u00e9sorier est charg\u00e9 de tout ce qui concerne la gestion du patrimoine \nde l\u2019association. Il effectue tous paiements et per\u00e7oit toutes recettes \nsous la surveillance du pr\u00e9sident. Les achats et ventes de valeurs \nmobili\u00e8res constituant le fonds de r\u00e9serve sont effectu\u00e9s avec \nl\u2019autorisation du conseil d\u2019administration. Il tient une comptabilit\u00e9 \nr\u00e9guli\u00e8re, au jour le jour, de toutes op\u00e9rations et rend compte \u00e0 \nl\u2019assembl\u00e9e annuelle qui statue sur la gestion. Il soumet le bilan des \ncomptes de l\u2019association \u00e0 l\u2019approbation de l\u2019assembl\u00e9e g\u00e9n\u00e9rale. Il \nrend compte de son mandat aux assembl\u00e9es g\u00e9n\u00e9rales dans les conditions \npr\u00e9vues au r\u00e8glement int\u00e9rieur.<\/p>\n\n\n\n<p><strong>Article 13 &#8211; Le Bureau : r\u00e9union<\/strong><\/p>\n\n\n\n<p>Le\n Bureau se r\u00e9unit au moins une fois par an sur convocation du pr\u00e9sident.\n Les d\u00e9cisions sont prises \u00e0 la majorit\u00e9 des voix ; en cas de partage, \nla voix du pr\u00e9sident est pr\u00e9pond\u00e9rante. Nul ne peut faire partie du \nBureau s\u2019il n\u2019est pas une personne physique majeure.<\/p>\n\n\n\n<p><strong>Article 14 &#8211; Assembl\u00e9e G\u00e9n\u00e9rale Ordinaire<\/strong><\/p>\n\n\n\n<p>L\u2019assembl\u00e9e\n g\u00e9n\u00e9rale ordinaire comprend tous les associ\u00e9s \u00e0 jour de leur \ncotisation. Seuls les membres du conseil d\u2019administration et les membres\n titulaires ont voix d\u00e9lib\u00e9rative. L\u2019assembl\u00e9e g\u00e9n\u00e9rale ordinaire se \nr\u00e9unit chaque ann\u00e9e. Chaque associ\u00e9 peut s\u2019y faire repr\u00e9senter par un \nautre associ\u00e9 muni d\u2019un pouvoir \u00e9crit. Quinze jours au moins avant la \ndate fix\u00e9e, les membres de l\u2019association sont convoqu\u00e9s par les soins du\n secr\u00e9taire. L\u2019ordre du jour est r\u00e9gl\u00e9 par le conseil d\u2019administration \net est indiqu\u00e9 sur les convocations. Ne devront \u00eatre trait\u00e9es, lors de \nl\u2019assembl\u00e9e g\u00e9n\u00e9rale, que les questions soumises \u00e0 l\u2019ordre du jour.<\/p>\n\n\n\n<p>L\u2019assembl\u00e9e\n g\u00e9n\u00e9rale entend les rapports sur la gestion du conseil d\u2019administration\n et sur la situation financi\u00e8re et morale de l\u2019association. Elle peut \nnommer tout commissaire-v\u00e9rificateur des comptes et le charger de faire \nun rapport sur la tenue de ceux-ci. Elle approuve les comptes de \nl\u2019exercice, vote le budget de l\u2019exercice suivant et pourvoit, s\u2019il y a \nlieu, au renouvellement des membres du conseil d\u2019administration ; elle \nautorise l\u2019adh\u00e9sion \u00e0 une union ou f\u00e9d\u00e9ration. Elle conf\u00e8re au conseil \nd\u2019administration ou \u00e0 certains membres du bureau toutes autorisations \npour accomplir les op\u00e9rations rentrant dans l\u2019objet de l\u2019association et \npour lesquelles les pouvoirs statutaires seraient insuffisants.<\/p>\n\n\n\n<p><strong>Article 15 &#8211; Assembl\u00e9e g\u00e9n\u00e9rale extraordinaire<\/strong><\/p>\n\n\n\n<p>Si\n besoin est, ou sur la demande de la moiti\u00e9 plus un des membres \ninscrits, le pr\u00e9sident peut convoquer une assembl\u00e9e g\u00e9n\u00e9rale \nextraordinaire, suivant les formalit\u00e9s pr\u00e9vues par l\u2019article 12. Toute \nassembl\u00e9e g\u00e9n\u00e9rale, d\u00fbment convoqu\u00e9e, peut se transformer en assembl\u00e9e \ng\u00e9n\u00e9rale extraordinaire, pourvu que ce soit avec l\u2019accord unanime des \nmembres du bureau pr\u00e9sents ou repr\u00e9sent\u00e9s.<\/p>\n\n\n\n<p><strong>Article 16 &#8211; R\u00e8glement int\u00e9rieur<\/strong><\/p>\n\n\n\n<p>Un\n r\u00e8glement int\u00e9rieur peut \u00eatre \u00e9tabli par le bureau qui le fait alors \napprouver par l\u2019assembl\u00e9e g\u00e9n\u00e9rale. Ce r\u00e8glement \u00e9ventuel est destin\u00e9 \u00e0 \nfixer les divers points non pr\u00e9vus par les statuts, notamment ceux qui \nont trait \u00e0 l\u2019administration interne de l\u2019association ainsi qu\u2019\u00e0 \nl\u2019admission et \u00e0 l\u2019\u00e9thique exig\u00e9e des futurs membres. C\u2019est \u00e9galement le\n r\u00e8glement int\u00e9rieur qui pr\u00e9cisera les moyens de contr\u00f4le de la qualit\u00e9 \ndes prestations de services rendues sous l\u2019\u00e9gide de l\u2019IPM.<\/p>\n\n\n\n<p><strong>Article 17 &#8211; Dissolution<\/strong><\/p>\n\n\n\n<p>En\n cas de dissolution prononc\u00e9e par les deux tiers au moins des membres \npr\u00e9sents \u00e0 l\u2019assembl\u00e9e g\u00e9n\u00e9rale, un ou plusieurs liquidateurs sont \nnomm\u00e9s par celle-ci et l\u2019actif, s\u2019il y a lieu, est d\u00e9volu conform\u00e9ment \u00e0\n l\u2019article 9 de la loi du 1er juillet et au d\u00e9cret du 16 ao\u00fbt 1901.<\/p>\n\n\n\n<p>Original modifi\u00e9<\/p>\n\n\n\n<p>1) \u00e0 Sophia-Antipolis, le 10 juillet 1996<\/p>\n\n\n\n<p>2) \u00e0 Montpellier le 28 janvier 2000<\/p>\n\n\n\n<p>3) \u00e0 Castelnau le Lez le 15\/06\/2009<\/p>\n\n\n\n<p>4) \u00e0 Lyon, le 11 Mai 2012<\/p>\n\n\n\n<p>5) \u00e0 La Rochelle, Le 04 Juin 2015<\/p>\n\n\n\n<p>6) \u00e0 Paris, le 22 Mai 2018<\/p>\n\n\n\n<p>7) \u00e0 Saint-Just, AGO et CA en Visioconf\u00e9rence, Le 29 Juin 2021<\/p>\n","protected":false},"excerpt":{"rendered":"<p>Editer L&rsquo;I.P&amp;M est une association Loi 1901, d\u00e9clar\u00e9e \u00e0 la Pr\u00e9fecture de l&rsquo;H\u00e9rault. SIRET : 418 914 289 0024 APE : 9499 Z (Anc. 913 E) F.P.C : 91-34-04501-34 Les Statuts Editer Statuts modifi\u00e9s AGO du 28 Mai 2009; CA du 15 Juin 2009 : Article 3 (Si\u00e8ge social), Article 9 (Conseil d\u2019administration) Statuts modifi\u00e9s &hellip; <a href=\"https:\/\/ip-m.com\/index.php\/mpi\/organisation\/statuts\/\" class=\"more-link\">Continuer la lecture de <span class=\"screen-reader-text\">Statuts<\/span><\/a><\/p>\n","protected":false},"author":1,"featured_media":0,"parent":127,"menu_order":0,"comment_status":"closed","ping_status":"closed","template":"","meta":[],"_links":{"self":[{"href":"https:\/\/ip-m.com\/index.php\/wp-json\/wp\/v2\/pages\/96"}],"collection":[{"href":"https:\/\/ip-m.com\/index.php\/wp-json\/wp\/v2\/pages"}],"about":[{"href":"https:\/\/ip-m.com\/index.php\/wp-json\/wp\/v2\/types\/page"}],"author":[{"embeddable":true,"href":"https:\/\/ip-m.com\/index.php\/wp-json\/wp\/v2\/users\/1"}],"replies":[{"embeddable":true,"href":"https:\/\/ip-m.com\/index.php\/wp-json\/wp\/v2\/comments?post=96"}],"version-history":[{"count":12,"href":"https:\/\/ip-m.com\/index.php\/wp-json\/wp\/v2\/pages\/96\/revisions"}],"predecessor-version":[{"id":1350,"href":"https:\/\/ip-m.com\/index.php\/wp-json\/wp\/v2\/pages\/96\/revisions\/1350"}],"up":[{"embeddable":true,"href":"https:\/\/ip-m.com\/index.php\/wp-json\/wp\/v2\/pages\/127"}],"wp:attachment":[{"href":"https:\/\/ip-m.com\/index.php\/wp-json\/wp\/v2\/media?parent=96"}],"curies":[{"name":"wp","href":"https:\/\/api.w.org\/{rel}","templated":true}]}}