{"id":98,"date":"2020-03-09T17:45:17","date_gmt":"2020-03-09T16:45:17","guid":{"rendered":"http:\/\/lacombe.eu\/ipm\/?page_id=98"},"modified":"2024-07-12T09:09:52","modified_gmt":"2024-07-12T07:09:52","slug":"liste-des-adherents","status":"publish","type":"page","link":"https:\/\/ip-m.com\/index.php\/mpi\/adhesion-ipm\/liste-des-adherents\/","title":{"rendered":"Liste des adh\u00e9rents"},"content":{"rendered":"\n<figure class=\"wp-block-table\"><table><tbody><tr><td>NOM, Pr\u00e9nom<\/td><td>Groupe<\/td><td>Statut<\/td><td>Profession<\/td><td>Institution<\/td><\/tr><tr><td>BARTH Isabelle<\/td><td>Lyon<\/td><td>Membre Titulaire<\/td><td>Professeur des Universit\u00e9s<\/td><td>INSEEC U &#8211; INSEEC Business School<\/td><\/tr><tr><td>BERTRAND Germain<\/td><td>Rennes<\/td><td>Membre Fondateur<\/td><td>Sociologue<\/td><td>Institut Breton d&rsquo;Ing\u00e9ni\u00e9rie Sociale<\/td><\/tr><tr><td>BLASQUEZ James<\/td><td>Lyon<\/td><td>Membre Titulaire<\/td><td>Psychologue, Consultant<\/td><td>Algo\u00eb Consultants<\/td><\/tr><tr><td>BONNET Daniel<\/td><td>Montpellier<\/td><td>Membre Titulaire<\/td><td>Consultant<\/td><td>IRTEO<\/td><\/tr><tr><td>BOTET-PRADEILLES Georges<\/td><td>Montpellier<\/td><td>Membre Titulaire<\/td><td>Psychologue, Psychanalyste<\/td><td>Association Europ\u00e9enne Nicolas Abraham et Maria Torok<\/td><\/tr><tr><td>BRUNNER Roland <strong>(\u2020)<\/strong><\/td><td>Paris<\/td><td>Membre Fondateur<\/td><td>Psychanalyste<\/td><td>Les Psychanalystes Associ\u00e9s<\/td><\/tr><tr><td>CASALEGNO Jean-Claude<\/td><td>Clermont-Ferrand<\/td><td>Membre Titulaire<\/td><td>Professeur<\/td><td>ESC Clermont-Ferrand<\/td><\/tr><tr><td>BECK Emmanuel<\/td><td><\/td><td><\/td><td><\/td><td><\/td><\/tr><tr><td>DAVID Patricia<\/td><td>Lyon<\/td><td>Membre Titulaire<\/td><td>Professeur \u00c9m\u00e9rite<\/td><td>Universit\u00e9 Catholique de Lyon<\/td><\/tr><tr><td>DAVID Val\u00e9rie<\/td><td>Grenoble<\/td><td>Membre Titulaire<\/td><td>Directrice G\u00e9n\u00e9rale Adjointe<\/td><td>Brest-M\u00e9tropole<\/td><\/tr><tr><td>DIET Anne-Lise<\/td><td>La Faute Sur Mer<\/td><td>Membre Titulaire<\/td><td>Psychanalyste<\/td><td>Association Europ\u00e9enne Nicolas Abraham et Maria Torok, Connexions<\/td><\/tr><tr><td>DIET Emmanuel<\/td><td>La Faute Sur Mer<\/td><td>Membre Titulaire<\/td><td>Psychologue, Psychanalyste, R\u00e9dacteurs en Chef de la Revue Connexions<\/td><td>CRPPC, SFPPG, Connexions<\/td><\/tr><tr><td>DRILLON Dominique<\/td><td>La Rochelle<\/td><td>Membre Fondateur<\/td><td>Professeur (HDR)<\/td><td>EXCELIA Group<\/td><\/tr><tr><td><\/td><td><\/td><td><\/td><td><\/td><td><\/td><\/tr><tr><td>ECOTO Fran\u00e7ois<\/td><td>Lyon<\/td><td>Membre Titulaire<\/td><td>Professeur (HDR)<\/td><td>RESADDERSSE International (R\u00e9dacteur en Chef)<\/td><\/tr><tr><td>BRUN Gilles<\/td><td><\/td><td>Membre Titulaire<\/td><td><\/td><td><\/td><\/tr><tr><td>FAISANDIER Sylvie<\/td><td>Versailles<\/td><td>Membre Titulaire<\/td><td>Coach, Consultante, Formatrice<\/td><td>Cabinet SF Conseil<\/td><\/tr><tr><td>CAMP J\u00e9r\u00f4me<\/td><td><\/td><td><\/td><td><\/td><td><\/td><\/tr><tr><td>HAIM Patrick<\/td><td>Poitiers<\/td><td>Membre Titulaire<\/td><td>Professeur (HDR)<\/td><td>ESCEM (Syndicat)<\/td><\/tr><tr><td>CHOQUET Isabelle<\/td><td><\/td><td><\/td><td><\/td><td><\/td><\/tr><tr><td>CROS Genevi\u00e8ve<\/td><td><\/td><td><\/td><td><\/td><td><\/td><\/tr><tr><td>NAUDIN Mathias<\/td><td><\/td><td><\/td><td><\/td><td><\/td><\/tr><tr><td>REPECAUD Pascale<\/td><td>Lyon<\/td><td>Membre Titulaire<\/td><td>Psychanalyste, Coach<\/td><td>Cabinet Brunel-R\u00e9p\u00e9caud &amp; Co (Directrice associ\u00e9e)<\/td><\/tr><tr><td>MAMAN Catherine<\/td><td><\/td><td><\/td><td><\/td><td><\/td><\/tr><tr><td>SAVALL Henri<\/td><td>Lyon<\/td><td>Membre Titulaire<\/td><td>Professeur \u00c9m\u00e9rite<\/td><td>Universit\u00e9 Jean Moulin, Lyon<\/td><\/tr><tr><td>SCHOTT Annick<\/td><td>Bordeaux<\/td><td>Membre Titulaire<\/td><td>Ma\u00eetres de Conf\u00e9rences<\/td><td>Universit\u00e9 Montaigne, Bordeaux 3<\/td><\/tr><tr><td>SWARTE (de)Thibault<\/td><td>Rennes<\/td><td>Membre Fondateur<\/td><td>Ma\u00eetre de Conf\u00e9rences (HDR)<\/td><td>Institut Mines T\u00e9l\u00e9com Bretagne<\/td><\/tr><tr><td>TESSIER Nathalie<\/td><td>Lyon<\/td><td>Membre Titulaire<\/td><td>Professeur<\/td><td>ESDES Business School, Universit\u00e9 Catholique de Lyon<\/td><\/tr><tr><td>LACOMBE \u00c9ric<\/td><td><\/td><td><\/td><td><\/td><td><\/td><\/tr><tr><td>ZARDET V\u00e9ronique<\/td><td>Lyon<\/td><td>Membre Titulaire<\/td><td>Professeur des Universit\u00e9s<\/td><td>IAE, Universit\u00e9 Jean Moulin, Lyon<\/td><\/tr><\/tbody><\/table><\/figure>\n\n\n\n<p>DAMS St\u00e9phanie<\/p>\n\n\n\n<p>PLUCHART Jean-Jacques<\/p>\n\n\n\n<p>RAYMOND Paul<\/p>\n\n\n\n<p>SAADI Ghyslane<\/p>\n\n\n\n<p>TOURNESAC Ga\u00ebl<\/p>\n\n\n\n<p>PANOZZO Alexandre<\/p>\n\n\n\n<p>THIERIOT Mariana<\/p>\n\n\n\n<p>GASTARD Iven<\/p>\n","protected":false},"excerpt":{"rendered":"<p>NOM, Pr\u00e9nom Groupe Statut Profession Institution BARTH Isabelle Lyon Membre Titulaire Professeur des Universit\u00e9s INSEEC U &#8211; INSEEC Business School BERTRAND Germain Rennes Membre Fondateur Sociologue Institut Breton d&rsquo;Ing\u00e9ni\u00e9rie Sociale BLASQUEZ James Lyon Membre Titulaire Psychologue, Consultant Algo\u00eb Consultants BONNET Daniel Montpellier Membre Titulaire Consultant IRTEO BOTET-PRADEILLES Georges Montpellier Membre Titulaire Psychologue, Psychanalyste Association Europ\u00e9enne &hellip; <a href=\"https:\/\/ip-m.com\/index.php\/mpi\/adhesion-ipm\/liste-des-adherents\/\" class=\"more-link\">Continuer la lecture de <span class=\"screen-reader-text\">Liste des adh\u00e9rents<\/span><\/a><\/p>\n","protected":false},"author":1,"featured_media":0,"parent":106,"menu_order":0,"comment_status":"closed","ping_status":"closed","template":"","meta":[],"_links":{"self":[{"href":"https:\/\/ip-m.com\/index.php\/wp-json\/wp\/v2\/pages\/98"}],"collection":[{"href":"https:\/\/ip-m.com\/index.php\/wp-json\/wp\/v2\/pages"}],"about":[{"href":"https:\/\/ip-m.com\/index.php\/wp-json\/wp\/v2\/types\/page"}],"author":[{"embeddable":true,"href":"https:\/\/ip-m.com\/index.php\/wp-json\/wp\/v2\/users\/1"}],"replies":[{"embeddable":true,"href":"https:\/\/ip-m.com\/index.php\/wp-json\/wp\/v2\/comments?post=98"}],"version-history":[{"count":8,"href":"https:\/\/ip-m.com\/index.php\/wp-json\/wp\/v2\/pages\/98\/revisions"}],"predecessor-version":[{"id":1212,"href":"https:\/\/ip-m.com\/index.php\/wp-json\/wp\/v2\/pages\/98\/revisions\/1212"}],"up":[{"embeddable":true,"href":"https:\/\/ip-m.com\/index.php\/wp-json\/wp\/v2\/pages\/106"}],"wp:attachment":[{"href":"https:\/\/ip-m.com\/index.php\/wp-json\/wp\/v2\/media?parent=98"}],"curies":[{"name":"wp","href":"https:\/\/api.w.org\/{rel}","templated":true}]}}